{"id":4002428,"date":"2025-08-11T09:40:57","date_gmt":"2025-08-11T09:40:57","guid":{"rendered":"https:\/\/kabisu.id\/a-propos\/"},"modified":"2025-08-11T17:28:16","modified_gmt":"2025-08-11T17:28:16","slug":"a-propos","status":"publish","type":"page","link":"https:\/\/kabisu.id\/fr\/a-propos\/","title":{"rendered":"Kabisu &#8211; \u00c0 propos"},"content":{"rendered":"\t\t<div data-elementor-type=\"wp-page\" data-elementor-id=\"4002428\" class=\"elementor elementor-4002428 elementor-4002319\">\n\t\t\t\t<div class=\"elementor-element elementor-element-4c9bbc46 e-con-full e-flex e-con e-parent\" data-id=\"4c9bbc46\" data-element_type=\"container\" data-e-type=\"container\" data-settings=\"{&quot;background_background&quot;:&quot;classic&quot;}\">\n\t\t<div class=\"elementor-element elementor-element-664e3135 e-con-full e-flex e-con e-child\" data-id=\"664e3135\" data-element_type=\"container\" data-e-type=\"container\">\n\t\t\t\t<div class=\"elementor-element elementor-element-3464f0d3 elementor-widget-divider--view-line elementor-widget elementor-widget-divider\" data-id=\"3464f0d3\" data-element_type=\"widget\" data-e-type=\"widget\" data-widget_type=\"divider.default\">\n\t\t\t\t<div class=\"elementor-widget-container\">\n\t\t\t\t\t\t\t<div class=\"elementor-divider\">\n\t\t\t<span class=\"elementor-divider-separator\">\n\t\t\t\t\t\t<\/span>\n\t\t<\/div>\n\t\t\t\t\t\t<\/div>\n\t\t\t\t<\/div>\n\t\t\t\t<div class=\"elementor-element elementor-element-64b28c98 elementor-widget elementor-widget-heading\" data-id=\"64b28c98\" data-element_type=\"widget\" data-e-type=\"widget\" data-widget_type=\"heading.default\">\n\t\t\t\t<div class=\"elementor-widget-container\">\n\t\t\t\t\t<h1 class=\"elementor-heading-title elementor-size-default\">\u00c0 Propos<\/h1>\t\t\t\t<\/div>\n\t\t\t\t<\/div>\n\t\t\t\t<div class=\"elementor-element elementor-element-6e9221df elementor-widget-divider--view-line elementor-widget elementor-widget-divider\" data-id=\"6e9221df\" data-element_type=\"widget\" data-e-type=\"widget\" data-widget_type=\"divider.default\">\n\t\t\t\t<div class=\"elementor-widget-container\">\n\t\t\t\t\t\t\t<div class=\"elementor-divider\">\n\t\t\t<span class=\"elementor-divider-separator\">\n\t\t\t\t\t\t<\/span>\n\t\t<\/div>\n\t\t\t\t\t\t<\/div>\n\t\t\t\t<\/div>\n\t\t\t\t<\/div>\n\t\t\t\t<\/div>\n\t\t<div class=\"elementor-element elementor-element-652f7ab4 e-con-full e-flex e-con e-parent\" data-id=\"652f7ab4\" data-element_type=\"container\" data-e-type=\"container\" data-settings=\"{&quot;background_background&quot;:&quot;classic&quot;}\">\n\t\t<div class=\"elementor-element elementor-element-27f593ba e-con-full e-flex e-con e-child\" data-id=\"27f593ba\" data-element_type=\"container\" data-e-type=\"container\">\n\t\t\t\t<div class=\"elementor-element elementor-element-6eb9949f elementor-widget elementor-widget-heading\" data-id=\"6eb9949f\" data-element_type=\"widget\" data-e-type=\"widget\" data-widget_type=\"heading.default\">\n\t\t\t\t<div class=\"elementor-widget-container\">\n\t\t\t\t\t<h2 class=\"elementor-heading-title elementor-size-default\">Voyage durable et investissement r\u00e9fl\u00e9chi dans le dernier paradis cach\u00e9 d'Indon\u00e9sie<\/h2>\t\t\t\t<\/div>\n\t\t\t\t<\/div>\n\t\t\t\t<div class=\"elementor-element elementor-element-12300489 elementor-widget-divider--view-line elementor-widget elementor-widget-divider\" data-id=\"12300489\" data-element_type=\"widget\" data-e-type=\"widget\" data-widget_type=\"divider.default\">\n\t\t\t\t<div class=\"elementor-widget-container\">\n\t\t\t\t\t\t\t<div class=\"elementor-divider\">\n\t\t\t<span class=\"elementor-divider-separator\">\n\t\t\t\t\t\t<\/span>\n\t\t<\/div>\n\t\t\t\t\t\t<\/div>\n\t\t\t\t<\/div>\n\t\t\t\t<div class=\"elementor-element elementor-element-30cca2fd elementor-widget__width-initial elementor-widget elementor-widget-text-editor\" data-id=\"30cca2fd\" data-element_type=\"widget\" data-e-type=\"widget\" data-widget_type=\"text-editor.default\">\n\t\t\t\t<div class=\"elementor-widget-container\">\n\t\t\t\t\t\t\t\t\t<p style=\"text-align: left;\" data-start=\"253\" data-end=\"519\">Nous aidons les voyageurs et les investisseurs \u00e0 d\u00e9couvrir Sumba de mani\u00e8re responsable, en prot\u00e9geant la culture, en soutenant les communaut\u00e9s et en construisant pour le long terme.<\/p><h2 style=\"text-align: left;\" data-start=\"680\" data-end=\"724\"> <\/h2><h2 style=\"text-align: left;\" data-start=\"680\" data-end=\"724\">Notre histoire<\/h2><p style=\"text-align: left;\" data-start=\"143\" data-end=\"358\">Kabisu est n\u00e9 d&rsquo;un amour partag\u00e9 pour Sumba et d&rsquo;un profond respect pour sa culture. Notre \u00e9quipe a \u00e9lu domicile en Indon\u00e9sie depuis plus <strong data-start=\"269\" data-end=\"281\">de 20 ans<\/strong>, ce qui nous a donn\u00e9 le privil\u00e8ge de vivre et de travailler dans les diff\u00e9rentes \u00eeles du pays. <\/p><p style=\"text-align: left;\" data-start=\"360\" data-end=\"642\">Deux de nos fondateurs, <strong data-start=\"381\" data-end=\"391\">Thomas Despin<\/strong> et <strong data-start=\"396\" data-end=\"406\">Gilles Brignardello<\/strong>, cumulent des d\u00e9cennies d&rsquo;exp\u00e9rience dans la <strong data-start=\"448\" data-end=\"527\">construction et l&rsquo;exploitation de complexes h\u00f4teliers dans certains des endroits les plus recul\u00e9s d&rsquo;Indon\u00e9sie<\/strong>. Ils comprennent les d\u00e9fis uniques &#8211; et les r\u00e9compenses &#8211; que repr\u00e9sente le d\u00e9veloppement de projets loin des infrastructures urbaines. <\/p><p style=\"text-align: left;\" data-start=\"644\" data-end=\"934\">Nous sommes des <strong data-start=\"651\" data-end=\"668\">amoureux de la nature<\/strong> dans l&rsquo;\u00e2me, et le reste de notre \u00e9quipe apporte une solide expertise pratique dans la <strong data-start=\"740\" data-end=\"773\">gestion de la construction de villas et de projets h\u00f4teliers sur place<\/strong>. Pendant des ann\u00e9es, nous avons r\u00eav\u00e9 de construire \u00e0 Sumba, mais l&rsquo;infrastructure de l&rsquo;\u00eele n&rsquo;\u00e9tait tout simplement pas pr\u00eate. Aujourd&rsquo;hui, le moment est venu.  <\/p><p style=\"text-align: left;\" data-start=\"936\" data-end=\"1271\">Nous croyons en un <strong data-start=\"950\" data-end=\"990\">d\u00e9veloppement respectueux, \u00e0 petite \u00e9chelle,<\/strong> en harmonie avec l&rsquo;environnement et la communaut\u00e9 locale. Pour nous, l&rsquo;\u00eele n&rsquo;est pas <em data-start=\"1084\" data-end=\"1107\">\u00ab\u00a0la prochaine bonne affaire\u00a0\u00bb,<\/em> mais un lieu \u00e0 prot\u00e9ger, \u00e0 c\u00e9l\u00e9brer et \u00e0 partager de mani\u00e8re responsable. Chaque projet que nous entreprenons est guid\u00e9 par une simple question : <em data-start=\"1225\" data-end=\"1269\">Est-ce que cela honore l&rsquo;\u00eele et ses habitants ?<\/em>  <\/p><h2 style=\"text-align: left;\" data-start=\"1447\" data-end=\"1470\"> <\/h2><h2 style=\"text-align: left;\" data-start=\"1447\" data-end=\"1470\">Notre mission et nos valeurs<\/h2><p style=\"text-align: left;\" data-start=\"1427\" data-end=\"1650\">\u00c0 Kabisu, nous pensons que le d\u00e9veloppement et la pr\u00e9servation peuvent &#8211; et doivent &#8211; aller de pair.<br data-start=\"1516\" data-end=\"1519\">Nous consid\u00e9rons Sumba non pas comme une toile blanche \u00e0 exploiter, mais comme une \u00eele vivante avec une histoire, une culture et un \u00e9cosyst\u00e8me qui valent la peine d&rsquo;\u00eatre prot\u00e9g\u00e9s.<\/p><p style=\"text-align: left;\" data-start=\"1652\" data-end=\"1679\"><strong data-start=\"1652\" data-end=\"1679\">Nos principes directeurs :<\/strong><\/p><ul style=\"text-align: left;\" data-start=\"1681\" data-end=\"2171\"><li data-start=\"1681\" data-end=\"1849\"><p data-start=\"1683\" data-end=\"1849\"><strong data-start=\"1683\" data-end=\"1709\">Respect de l&rsquo;\u00eele<\/strong><br data-start=\"1709\" data-end=\"1712\">De l&rsquo;approvisionnement en mat\u00e9riaux locaux \u00e0 la r\u00e9duction de l&rsquo;impact environnemental, nous veillons \u00e0 ce que notre projet profite aux communaut\u00e9s et aux paysages de Sumba.<\/p><\/li><li data-start=\"1851\" data-end=\"2007\"><p data-start=\"1853\" data-end=\"2007\"><strong data-start=\"1853\" data-end=\"1880\">Petite \u00e9chelle, grand impact<\/strong><br data-start=\"1880\" data-end=\"1883\">Nous choisissons la qualit\u00e9 plut\u00f4t que la quantit\u00e9 &#8211; en cr\u00e9ant des espaces intimes qui s&rsquo;int\u00e8grent dans leur environnement plut\u00f4t que de le dominer.<\/p><\/li><li data-start=\"2009\" data-end=\"2171\"><p data-start=\"2011\" data-end=\"2171\"><strong data-start=\"2011\" data-end=\"2036\">Gestion \u00e0 long terme<\/strong><br data-start=\"2036\" data-end=\"2039\">Notre travail ne consiste pas \u00e0 rechercher des revenus rapides, mais \u00e0 cr\u00e9er quelque chose de durable, con\u00e7u pour apporter une valeur constante pendant des ann\u00e9es, et que nous serions fiers de transmettre \u00e0 la g\u00e9n\u00e9ration suivante.<\/p><\/li><\/ul><p style=\"text-align: left;\" data-start=\"2173\" data-end=\"2286\">Pour nous, le succ\u00e8s signifie que l&rsquo;\u00eele restera aussi captivante, sauvage et accueillante dans vingt ans qu&rsquo;elle l&rsquo;est aujourd&rsquo;hui.<\/p><h2 data-start=\"2013\" data-end=\"2037\"> <\/h2><h2 style=\"text-align: left;\" data-start=\"2013\" data-end=\"2037\">Pourquoi Sumba ?<\/h2><p style=\"text-align: left;\" data-start=\"2351\" data-end=\"2621\">Sumba ne ressemble \u00e0 aucun autre endroit en Indon\u00e9sie.<br data-start=\"2394\" data-end=\"2397\">Alors que Bali et d&rsquo;autres \u00eeles sont connues depuis longtemps, Sumba reste un endroit rare o\u00f9 des chevaux sauvages courent encore en libert\u00e9, o\u00f9 les plages s&rsquo;\u00e9tendent sur des kilom\u00e8tres et o\u00f9 les traditions anciennes font partie de la vie de tous les jours.<\/p><p style=\"text-align: left;\" data-start=\"2623\" data-end=\"2887\">Nous r\u00eavions de construire ici depuis des ann\u00e9es, mais le moment n&rsquo;\u00e9tait pas propice. Les routes \u00e9taient d\u00e9fonc\u00e9es, l&rsquo;\u00e9lectricit\u00e9 rare et les infrastructures n\u00e9cessaires aux projets les plus simples manquaient. Nous savions que pour cr\u00e9er quelque chose de vraiment respectueux et durable, l&rsquo;\u00eele devait \u00eatre pr\u00eate.  <\/p><p style=\"text-align: left;\" data-start=\"2889\" data-end=\"3090\">Aujourd&rsquo;hui, Sumba se trouve \u00e0 un tournant. L&rsquo;am\u00e9lioration des acc\u00e8s, l&rsquo;am\u00e9lioration des services publics et une prise de conscience croissante du tourisme responsable permettent d&rsquo;accueillir des visiteurs sans compromettre le caract\u00e8re de l&rsquo;\u00eele. <\/p><p style=\"text-align: left;\" data-start=\"3092\" data-end=\"3234\">Pour nous, il ne s&rsquo;agit pas seulement d&rsquo;une destination, mais de contribuer \u00e0 fa\u00e7onner un avenir o\u00f9 le d\u00e9veloppement et la tradition peuvent prosp\u00e9rer c\u00f4te \u00e0 c\u00f4te.<\/p><h2 style=\"text-align: left;\" data-start=\"2678\" data-end=\"2711\"> <\/h2><h2 style=\"text-align: left;\" data-start=\"2678\" data-end=\"2711\">Rejoignez nous<\/h2><p style=\"text-align: left;\" data-start=\"2713\" data-end=\"2835\">Kabisu est plus qu&rsquo;un projet &#8211; c&rsquo;est un engagement envers le peuple, la culture et l&rsquo;avenir de Sumba.<br data-start=\"3315\" data-end=\"3318\">Que vous soyez un voyageur \u00e0 la recherche d&rsquo;une beaut\u00e9 intacte ou un investisseur partageant notre vision du d\u00e9veloppement durable, nous vous invitons \u00e0 faire partie d&rsquo;une histoire construite pour durer. <a href=\"https:\/\/kabisu.id\/fr\/contact\/\"><span style=\"text-decoration: underline; color: #005257;\">Prenez contact avec nous<\/span><\/a> &#8211; fa\u00e7onnons ensemble l&rsquo;avenir de Sumba.<\/p>\t\t\t\t\t\t\t\t<\/div>\n\t\t\t\t<\/div>\n\t\t\t\t<\/div>\n\t\t<div class=\"elementor-element elementor-element-24b05253 e-con-full e-flex e-con e-child\" data-id=\"24b05253\" data-element_type=\"container\" data-e-type=\"container\">\n\t\t\t\t<div class=\"elementor-element elementor-element-3d914c3c elementor-widget elementor-widget-image\" data-id=\"3d914c3c\" data-element_type=\"widget\" data-e-type=\"widget\" data-widget_type=\"image.default\">\n\t\t\t\t<div class=\"elementor-widget-container\">\n\t\t\t\t\t\t\t\t\t\t\t\t\t\t\t<img decoding=\"async\" src=\"https:\/\/kabisu.id\/wp-content\/uploads\/elementor\/thumbs\/cropped-kabisu_sumba-isotype-600px-r7ehcxhneeki7fwbquov15x1hc1xcj88uxx4pgcf5a.png\" title=\"Favicon de Kabisu\" alt=\"Favicon de Kabisu\" loading=\"lazy\" \/>\t\t\t\t\t\t\t\t\t\t\t\t\t\t\t<\/div>\n\t\t\t\t<\/div>\n\t\t\t\t<\/div>\n\t\t\t\t<\/div>\n\t\t<div class=\"elementor-element elementor-element-78851499 e-con-full e-flex e-con e-parent\" data-id=\"78851499\" data-element_type=\"container\" data-e-type=\"container\" data-settings=\"{&quot;background_background&quot;:&quot;classic&quot;}\">\n\t\t\t\t<div class=\"elementor-element elementor-element-3fe1bd33 raven-cta--skin-cover elementor-widget__width-inherit e-transform elementor-animated-content raven-bg-transform raven-bg-transform-zoom-in elementor-widget elementor-widget-raven-call-to-action\" data-id=\"3fe1bd33\" data-element_type=\"widget\" data-e-type=\"widget\" data-settings=\"{&quot;_transform_scaleX_effect&quot;:{&quot;unit&quot;:&quot;px&quot;,&quot;size&quot;:&quot;&quot;,&quot;sizes&quot;:[]},&quot;_transform_scaleX_effect_tablet&quot;:{&quot;unit&quot;:&quot;px&quot;,&quot;size&quot;:&quot;&quot;,&quot;sizes&quot;:[]},&quot;_transform_scaleX_effect_mobile&quot;:{&quot;unit&quot;:&quot;px&quot;,&quot;size&quot;:&quot;&quot;,&quot;sizes&quot;:[]},&quot;_transform_scaleY_effect&quot;:{&quot;unit&quot;:&quot;px&quot;,&quot;size&quot;:&quot;&quot;,&quot;sizes&quot;:[]},&quot;_transform_scaleY_effect_tablet&quot;:{&quot;unit&quot;:&quot;px&quot;,&quot;size&quot;:&quot;&quot;,&quot;sizes&quot;:[]},&quot;_transform_scaleY_effect_mobile&quot;:{&quot;unit&quot;:&quot;px&quot;,&quot;size&quot;:&quot;&quot;,&quot;sizes&quot;:[]}}\" data-widget_type=\"raven-call-to-action.default\">\n\t\t\t\t<div class=\"elementor-widget-container\">\n\t\t\t\t\t<a  class=\"raven-cta\" href=\"https:\/\/kabisu.id\/contact\/\">\n\t\t\t\t\t<div class=\"raven-cta__bg-wrapper\">\n\t\t\t\t<div class=\"raven-cta__bg raven-bg\" style=\"background-image: url(https:\/\/kabisu.id\/wp-content\/uploads\/2025\/02\/01.jpg);\"><\/div>\n\t\t\t\t<div class=\"raven-cta__bg-overlay\"><\/div>\n\t\t\t<\/div>\n\t\t\t\t\t\t\t\t\t\t<div class=\"raven-cta__content\">\n\t\t\t\t\n\t\t\t\t<h2 class=\"raven-cta__title raven-cta__content-item elementor-content-item elementor-animated-item--grow\">Devenez propri\u00e9taire d&#039;un bien locatif au paradis<\/h2>\n\t\t\t\t\n\t\t\t\t\t\t\t\t\t<div class=\"raven-cta__button-wrapper raven-cta__content-item elementor-content-item elementor-animated-item--grow\">\n\t\t\t\t\t<span class=\"raven-cta__button elementor-button \">\n\t\t\t\t\t\tPrenez contact avec nous\t\t\t\t\t<\/span>\n\t\t\t\t\t<\/div>\n\t\t\t\t\n\t\t\t\t\t\t\t<\/div>\n\t\t\t\t<\/a>\n\t\t\t\t\t\t<\/div>\n\t\t\t\t<\/div>\n\t\t\t\t<\/div>\n\t\t\t\t<\/div>\n\t\t","protected":false},"excerpt":{"rendered":"<p>\u00c0 Propos Voyage durable et investissement r\u00e9fl\u00e9chi dans le dernier paradis cach\u00e9 d&rsquo;Indon\u00e9sie Nous aidons les voyageurs et les investisseurs \u00e0 d\u00e9couvrir Sumba de mani\u00e8re responsable, en prot\u00e9geant la culture, en soutenant les communaut\u00e9s et en construisant pour le long terme. Notre histoire Kabisu est n\u00e9 d&rsquo;un amour partag\u00e9 pour Sumba et d&rsquo;un profond respect [&hellip;]<\/p>\n","protected":false},"author":2,"featured_media":1239,"parent":0,"menu_order":0,"comment_status":"closed","ping_status":"closed","template":"elementor_header_footer","meta":{"_acf_changed":false,"footnotes":""},"class_list":["post-4002428","page","type-page","status-publish","has-post-thumbnail","hentry"],"acf":[],"_links":{"self":[{"href":"https:\/\/kabisu.id\/fr\/wp-json\/wp\/v2\/pages\/4002428","targetHints":{"allow":["GET"]}}],"collection":[{"href":"https:\/\/kabisu.id\/fr\/wp-json\/wp\/v2\/pages"}],"about":[{"href":"https:\/\/kabisu.id\/fr\/wp-json\/wp\/v2\/types\/page"}],"author":[{"embeddable":true,"href":"https:\/\/kabisu.id\/fr\/wp-json\/wp\/v2\/users\/2"}],"replies":[{"embeddable":true,"href":"https:\/\/kabisu.id\/fr\/wp-json\/wp\/v2\/comments?post=4002428"}],"version-history":[{"count":5,"href":"https:\/\/kabisu.id\/fr\/wp-json\/wp\/v2\/pages\/4002428\/revisions"}],"predecessor-version":[{"id":4002487,"href":"https:\/\/kabisu.id\/fr\/wp-json\/wp\/v2\/pages\/4002428\/revisions\/4002487"}],"wp:featuredmedia":[{"embeddable":true,"href":"https:\/\/kabisu.id\/fr\/wp-json\/wp\/v2\/media\/1239"}],"wp:attachment":[{"href":"https:\/\/kabisu.id\/fr\/wp-json\/wp\/v2\/media?parent=4002428"}],"curies":[{"name":"wp","href":"https:\/\/api.w.org\/{rel}","templated":true}]}}